{"id":13475,"date":"2020-05-09T19:18:32","date_gmt":"2020-05-09T23:18:32","guid":{"rendered":"https:\/\/labranche-archive.stagingsept24.com\/?page_id=13475"},"modified":"2025-01-09T16:58:11","modified_gmt":"2025-01-09T21:58:11","slug":"reception-room-rental","status":"publish","type":"page","link":"https:\/\/labranche-archive.stagingsept24.com\/en\/reception-room-rental\/","title":{"rendered":"Reception Room Rental"},"content":{"rendered":"<div class=\"wpb-content-wrapper\">[vc_row][vc_column][layerslider_vc id=&#8221;15&#8243;][\/vc_column][\/vc_row][vc_row][vc_column][vc_column_text css=&#8221;&#8221;]\n<h1>RECEPTION HALL RENTAL<\/h1>\n<p>Vous r\u00eavez d&#8217;un cadre enchanteur pour votre prochain \u00e9v\u00e9nement ? Ne cherchez pas plus loin ! Notre lieu idyllique offre le cadre parfait pour rendre votre occasion m\u00e9morable.<\/p>\n<p><strong>Our Venue<\/strong>:<br \/>\nNestled in the heart of picturesque landscapes, our venue is a true hidden gem. Surrounded by lush nature, including its maple grove, orchard, and organic vineyard, it&#8217;s the ideal place for your wedding, business meetings, or any other special event.<\/p>\n<p><strong>Spaces Available:<\/strong><\/p>\n<ol>\n<li>Indoor Venue: Our indoor environment can accommodate groups ranging from intimate gatherings of 40 people to larger groups of over 130. Various options, including meetings, buffets, cocktails, and even weddings, are available.<\/li>\n<li>Outdoor Venue: For outdoor events, our site is the perfect location. Surrounded by the orchard, vineyard, and our century-old forest, it&#8217;s the ideal spot for a romantic wedding ceremony or a grand gathering.<\/li>\n<\/ol>\n<p><strong>Included Services:<\/strong><\/p>\n<ul>\n<li>Professional event coordination<\/li>\n<li>Partnership with local businesses for personalized catering services<\/li>\n<li>Decoration for a warm ambiance<\/li>\n<li>Audiovisual equipment upon request<\/li>\n<li>Easy and secure parking for your guests<\/li>\n<\/ul>\n<p><strong>Pricing:<br \/>\n<\/strong>As each event is unique, we offer customized packages to meet your specific needs and budget. Contact us to discuss your requirements and receive a detailed quote.<\/p>\n<p><strong>Contact Information:<br \/>\n<\/strong>To reserve your date or for any additional information, feel free to contact us. Our dedicated team is here to help you create an unforgettable event at our idyllic venue.<\/p>\n<p>We look forward to welcoming you soon to our haven of peace!<\/p>\n<p>Best regards,<br \/>\nThe Domaine Labranche Team<\/p>\n<p><strong>Contact Person:<\/strong><br \/>\nCatherine Landry<br \/>\nAgrotourism and Catering Manager<br \/>\n(450) 454-2045 #109<br \/>\n<a href=\"mailto:info@labranche.ca\">info@labranche.ca<\/a><\/p>\n<p>&nbsp;<\/p>\n<h4><em><a href=\"https:\/\/drive.google.com\/file\/d\/1PiRJ72BvtzMQ6zPoovKUDKfHefcme8Ec\/view?usp=sharing\" target=\"_blank\" rel=\"noopener\">\ud83d\udcd8Wedding informations (click here !)\ud83d\udcd8<\/a><\/em><\/h4>\n<p>&nbsp;<\/p>\n<h4><em><a href=\"https:\/\/drive.google.com\/file\/d\/1PmC8dWq1NtmntWc32XpFNrsQXGoW9gTf\/view?usp=drive_link\" target=\"_blank\" rel=\"noopener\">\ud83d\udcd8Corpo and family informations (click here !)\ud83d\udcd8<\/a><\/em><\/h4>\n[\/vc_column_text][\/vc_column][\/vc_row][vc_row][vc_column][\/vc_column][\/vc_row]\n<\/div>","protected":false},"excerpt":{"rendered":"<p>[vc_row][vc_column][layerslider_vc id=&#8221;15&#8243;][\/vc_column][\/vc_row][vc_row][vc_column][vc_column_text css=&#8221;&#8221;] RECEPTION HALL RENTAL Vous r\u00eavez d&#8217;un cadre enchanteur pour votre prochain \u00e9v\u00e9nement ? Ne cherchez pas plus loin ! Notre lieu idyllique offre le cadre parfait pour rendre votre occasion m\u00e9morable. Our Venue: Nestled in the heart of picturesque landscapes, our venue is a true hidden gem. Surrounded by lush nature, including [&hellip;]<\/p>\n","protected":false},"author":1,"featured_media":0,"parent":0,"menu_order":0,"comment_status":"open","ping_status":"open","template":"page_cabane.php","meta":[],"acf":[],"_links":{"self":[{"href":"https:\/\/labranche-archive.stagingsept24.com\/en\/wp-json\/wp\/v2\/pages\/13475"}],"collection":[{"href":"https:\/\/labranche-archive.stagingsept24.com\/en\/wp-json\/wp\/v2\/pages"}],"about":[{"href":"https:\/\/labranche-archive.stagingsept24.com\/en\/wp-json\/wp\/v2\/types\/page"}],"author":[{"embeddable":true,"href":"https:\/\/labranche-archive.stagingsept24.com\/en\/wp-json\/wp\/v2\/users\/1"}],"replies":[{"embeddable":true,"href":"https:\/\/labranche-archive.stagingsept24.com\/en\/wp-json\/wp\/v2\/comments?post=13475"}],"version-history":[{"count":16,"href":"https:\/\/labranche-archive.stagingsept24.com\/en\/wp-json\/wp\/v2\/pages\/13475\/revisions"}],"predecessor-version":[{"id":18501,"href":"https:\/\/labranche-archive.stagingsept24.com\/en\/wp-json\/wp\/v2\/pages\/13475\/revisions\/18501"}],"wp:attachment":[{"href":"https:\/\/labranche-archive.stagingsept24.com\/en\/wp-json\/wp\/v2\/media?parent=13475"}],"curies":[{"name":"wp","href":"https:\/\/api.w.org\/{rel}","templated":true}]}}